{"id":20,"date":"2025-03-14T16:51:08","date_gmt":"2025-03-14T16:51:08","guid":{"rendered":"https:\/\/vtobler.ch\/?page_id=20"},"modified":"2025-03-14T17:43:55","modified_gmt":"2025-03-14T17:43:55","slug":"faeroeer-2024","status":"publish","type":"page","link":"https:\/\/vtobler.ch\/","title":{"rendered":"F\u00e4r\u00f6er 2024"},"content":{"rendered":"\n<p>Meine Ferien auf den F\u00e4r\u00f6er Inseln 2024.<\/p>\n\n\n\n<figure class=\"wp-block-image size-full\"><img loading=\"lazy\" decoding=\"async\" width=\"900\" height=\"600\" src=\"https:\/\/vtobler.ch\/wp-content\/uploads\/2025\/03\/3c618f0e9cd7f037273ade6fc7116a0b_900x600_fit.jpg\" alt=\"\" class=\"wp-image-14\" srcset=\"https:\/\/vtobler.ch\/wp-content\/uploads\/2025\/03\/3c618f0e9cd7f037273ade6fc7116a0b_900x600_fit.jpg 900w, https:\/\/vtobler.ch\/wp-content\/uploads\/2025\/03\/3c618f0e9cd7f037273ade6fc7116a0b_900x600_fit-300x200.jpg 300w, https:\/\/vtobler.ch\/wp-content\/uploads\/2025\/03\/3c618f0e9cd7f037273ade6fc7116a0b_900x600_fit-768x512.jpg 768w\" sizes=\"auto, (max-width: 706px) 89vw, (max-width: 767px) 82vw, 740px\" \/><\/figure>\n\n\n\n<h1 class=\"wp-block-heading\">Ein \u00dcberblick<\/h1>\n\n\n\n<figure class=\"wp-block-gallery has-nested-images columns-default is-cropped wp-block-gallery-1 is-layout-flex wp-block-gallery-is-layout-flex\">\n<figure class=\"wp-block-image size-large\"><img loading=\"lazy\" decoding=\"async\" width=\"1024\" height=\"683\" data-id=\"49\" src=\"https:\/\/vtobler.ch\/wp-content\/uploads\/2025\/03\/DSC_0267-1024x683.jpg\" alt=\"\" class=\"wp-image-49\" srcset=\"https:\/\/vtobler.ch\/wp-content\/uploads\/2025\/03\/DSC_0267-1024x683.jpg 1024w, https:\/\/vtobler.ch\/wp-content\/uploads\/2025\/03\/DSC_0267-300x200.jpg 300w, https:\/\/vtobler.ch\/wp-content\/uploads\/2025\/03\/DSC_0267-768x512.jpg 768w, https:\/\/vtobler.ch\/wp-content\/uploads\/2025\/03\/DSC_0267-1536x1024.jpg 1536w, https:\/\/vtobler.ch\/wp-content\/uploads\/2025\/03\/DSC_0267-2048x1365.jpg 2048w\" sizes=\"auto, (max-width: 706px) 89vw, (max-width: 767px) 82vw, 740px\" \/><\/figure>\n\n\n\n<figure class=\"wp-block-image size-large\"><img loading=\"lazy\" decoding=\"async\" width=\"1024\" height=\"683\" data-id=\"50\" src=\"https:\/\/vtobler.ch\/wp-content\/uploads\/2025\/03\/DSC_0265-1024x683.jpg\" alt=\"\" class=\"wp-image-50\" srcset=\"https:\/\/vtobler.ch\/wp-content\/uploads\/2025\/03\/DSC_0265-1024x683.jpg 1024w, https:\/\/vtobler.ch\/wp-content\/uploads\/2025\/03\/DSC_0265-300x200.jpg 300w, https:\/\/vtobler.ch\/wp-content\/uploads\/2025\/03\/DSC_0265-768x512.jpg 768w, https:\/\/vtobler.ch\/wp-content\/uploads\/2025\/03\/DSC_0265-1536x1024.jpg 1536w, https:\/\/vtobler.ch\/wp-content\/uploads\/2025\/03\/DSC_0265-2048x1365.jpg 2048w\" sizes=\"auto, (max-width: 706px) 89vw, (max-width: 767px) 82vw, 740px\" \/><\/figure>\n<\/figure>\n\n\n\n<p><\/p>\n","protected":false},"excerpt":{"rendered":"<p>Meine Ferien auf den F\u00e4r\u00f6er Inseln 2024. Ein \u00dcberblick<\/p>\n","protected":false},"author":1,"featured_media":0,"parent":0,"menu_order":0,"comment_status":"closed","ping_status":"closed","template":"","meta":{"footnotes":""},"class_list":["post-20","page","type-page","status-publish","hentry"],"_links":{"self":[{"href":"https:\/\/vtobler.ch\/index.php?rest_route=\/wp\/v2\/pages\/20","targetHints":{"allow":["GET"]}}],"collection":[{"href":"https:\/\/vtobler.ch\/index.php?rest_route=\/wp\/v2\/pages"}],"about":[{"href":"https:\/\/vtobler.ch\/index.php?rest_route=\/wp\/v2\/types\/page"}],"author":[{"embeddable":true,"href":"https:\/\/vtobler.ch\/index.php?rest_route=\/wp\/v2\/users\/1"}],"replies":[{"embeddable":true,"href":"https:\/\/vtobler.ch\/index.php?rest_route=%2Fwp%2Fv2%2Fcomments&post=20"}],"version-history":[{"count":10,"href":"https:\/\/vtobler.ch\/index.php?rest_route=\/wp\/v2\/pages\/20\/revisions"}],"predecessor-version":[{"id":59,"href":"https:\/\/vtobler.ch\/index.php?rest_route=\/wp\/v2\/pages\/20\/revisions\/59"}],"wp:attachment":[{"href":"https:\/\/vtobler.ch\/index.php?rest_route=%2Fwp%2Fv2%2Fmedia&parent=20"}],"curies":[{"name":"wp","href":"https:\/\/api.w.org\/{rel}","templated":true}]}}